{"id":14,"date":"2026-04-03T09:25:07","date_gmt":"2026-04-03T09:25:07","guid":{"rendered":"https:\/\/uvs.fi\/kotisatama\/?page_id=14"},"modified":"2026-04-03T20:52:17","modified_gmt":"2026-04-03T20:52:17","slug":"etusivu","status":"publish","type":"page","link":"https:\/\/uvs.fi\/?page_id=14","title":{"rendered":"Yhteystiedot"},"content":{"rendered":"\n<div class=\"container my-4\">\n  <div class=\"card shadow-sm border-0 overflow-hidden rounded-4\">\n    <div class=\"card-body p-3 p-md-4\">\n      <h2 class=\"h4 mb-3\">Yhteystiedot<\/h2>\n\n      <div class=\"rounded-3 overflow-hidden border\">\n        <iframe\n          id=\"uvsIframe\"\n          src=\"https:\/\/uvs.fi\/kotisatama\/?p=116\"\n          title=\"UVS Kotisatama - Yhteystiedot\"\n          loading=\"lazy\"\n          style=\"width:100%; height:2000px; border:0; background:#fff;\"\n        ><\/iframe>\n      <\/div>\n    <\/div>\n  <\/div>\n<\/div>\n\n<script>\ndocument.getElementById('uvsIframe').addEventListener('load', function () {\n  try {\n    const iframeDoc = this.contentDocument || this.contentWindow.document;\n\n    const selectors = [\n      'header',\n      '.site-header',\n      '.page-header',\n      '.entry-header',\n      '.post-header',\n      '.vk_post_imgOuter',\n      '.breadcrumb',\n      '.site-footer'\n    ];\n\n    selectors.forEach(selector => {\n      iframeDoc.querySelectorAll(selector).forEach(el => {\n        el.style.display = 'none';\n      });\n    });\n\n    iframeDoc.body.style.marginTop = '0';\n    iframeDoc.body.style.paddingTop = '0';\n  } catch (e) {\n    console.log('Iframe-sis\u00e4lt\u00f6\u00e4 ei voitu muokata:', e);\n  }\n});\n<\/script>\n\n\n\n<p><\/p>\n","protected":false},"excerpt":{"rendered":"","protected":false},"author":1,"featured_media":0,"parent":0,"menu_order":0,"comment_status":"closed","ping_status":"closed","template":"","meta":{"vkexunit_cta_each_option":"","footnotes":""},"class_list":["post-14","page","type-page","status-publish","hentry"],"yoast_head":"<!-- This site is optimized with the Yoast SEO plugin v27.3 - https:\/\/yoast.com\/product\/yoast-seo-wordpress\/ -->\n<title>Yhteystiedot - Uittamon veneily seura<\/title>\n<meta name=\"robots\" content=\"index, follow, max-snippet:-1, max-image-preview:large, max-video-preview:-1\" \/>\n<link rel=\"canonical\" href=\"https:\/\/uvs.fi\/?page_id=14\" \/>\n<meta property=\"og:locale\" content=\"fi_FI\" \/>\n<meta property=\"og:type\" content=\"article\" \/>\n<meta property=\"og:title\" content=\"Yhteystiedot - Uittamon veneily seura\" \/>\n<meta property=\"og:url\" content=\"https:\/\/uvs.fi\/?page_id=14\" \/>\n<meta property=\"og:site_name\" content=\"Uittamon veneily seura\" \/>\n<meta property=\"article:modified_time\" content=\"2026-04-03T20:52:17+00:00\" \/>\n<meta name=\"twitter:card\" content=\"summary_large_image\" \/>\n<meta name=\"twitter:label1\" content=\"Arvioitu lukuaika\" \/>\n\t<meta name=\"twitter:data1\" content=\"1 minuutti\" \/>\n<script type=\"application\/ld+json\" class=\"yoast-schema-graph\">{\"@context\":\"https:\\\/\\\/schema.org\",\"@graph\":[{\"@type\":\"WebPage\",\"@id\":\"https:\\\/\\\/uvs.fi\\\/?page_id=14\",\"url\":\"https:\\\/\\\/uvs.fi\\\/?page_id=14\",\"name\":\"Yhteystiedot - Uittamon veneily seura\",\"isPartOf\":{\"@id\":\"https:\\\/\\\/uvs.fi\\\/#website\"},\"datePublished\":\"2026-04-03T09:25:07+00:00\",\"dateModified\":\"2026-04-03T20:52:17+00:00\",\"breadcrumb\":{\"@id\":\"https:\\\/\\\/uvs.fi\\\/?page_id=14#breadcrumb\"},\"inLanguage\":\"fi\",\"potentialAction\":[{\"@type\":\"ReadAction\",\"target\":[\"https:\\\/\\\/uvs.fi\\\/?page_id=14\"]}]},{\"@type\":\"BreadcrumbList\",\"@id\":\"https:\\\/\\\/uvs.fi\\\/?page_id=14#breadcrumb\",\"itemListElement\":[{\"@type\":\"ListItem\",\"position\":1,\"name\":\"Etusivu\",\"item\":\"https:\\\/\\\/uvs.fi\\\/\"},{\"@type\":\"ListItem\",\"position\":2,\"name\":\"Yhteystiedot\"}]},{\"@type\":\"WebSite\",\"@id\":\"https:\\\/\\\/uvs.fi\\\/#website\",\"url\":\"https:\\\/\\\/uvs.fi\\\/\",\"name\":\"Uittamon veneily seura\",\"description\":\"Uittamon veneily seuran kotisatama verkossa\",\"publisher\":{\"@id\":\"https:\\\/\\\/uvs.fi\\\/#organization\"},\"potentialAction\":[{\"@type\":\"SearchAction\",\"target\":{\"@type\":\"EntryPoint\",\"urlTemplate\":\"https:\\\/\\\/uvs.fi\\\/?s={search_term_string}\"},\"query-input\":{\"@type\":\"PropertyValueSpecification\",\"valueRequired\":true,\"valueName\":\"search_term_string\"}}],\"inLanguage\":\"fi\"},{\"@type\":\"Organization\",\"@id\":\"https:\\\/\\\/uvs.fi\\\/#organization\",\"name\":\"Uittamon veneily seura\",\"url\":\"https:\\\/\\\/uvs.fi\\\/\",\"logo\":{\"@type\":\"ImageObject\",\"inLanguage\":\"fi\",\"@id\":\"https:\\\/\\\/uvs.fi\\\/#\\\/schema\\\/logo\\\/image\\\/\",\"url\":\"https:\\\/\\\/uvs.fi\\\/kotisatama\\\/wp-content\\\/uploads\\\/2026\\\/04\\\/IMG_0908.png\",\"contentUrl\":\"https:\\\/\\\/uvs.fi\\\/kotisatama\\\/wp-content\\\/uploads\\\/2026\\\/04\\\/IMG_0908.png\",\"width\":231,\"height\":160,\"caption\":\"Uittamon veneily seura\"},\"image\":{\"@id\":\"https:\\\/\\\/uvs.fi\\\/#\\\/schema\\\/logo\\\/image\\\/\"}}]}<\/script>\n<!-- \/ Yoast SEO plugin. -->","yoast_head_json":{"title":"Yhteystiedot - Uittamon veneily seura","robots":{"index":"index","follow":"follow","max-snippet":"max-snippet:-1","max-image-preview":"max-image-preview:large","max-video-preview":"max-video-preview:-1"},"canonical":"https:\/\/uvs.fi\/?page_id=14","og_locale":"fi_FI","og_type":"article","og_title":"Yhteystiedot - Uittamon veneily seura","og_url":"https:\/\/uvs.fi\/?page_id=14","og_site_name":"Uittamon veneily seura","article_modified_time":"2026-04-03T20:52:17+00:00","twitter_card":"summary_large_image","twitter_misc":{"Arvioitu lukuaika":"1 minuutti"},"schema":{"@context":"https:\/\/schema.org","@graph":[{"@type":"WebPage","@id":"https:\/\/uvs.fi\/?page_id=14","url":"https:\/\/uvs.fi\/?page_id=14","name":"Yhteystiedot - Uittamon veneily seura","isPartOf":{"@id":"https:\/\/uvs.fi\/#website"},"datePublished":"2026-04-03T09:25:07+00:00","dateModified":"2026-04-03T20:52:17+00:00","breadcrumb":{"@id":"https:\/\/uvs.fi\/?page_id=14#breadcrumb"},"inLanguage":"fi","potentialAction":[{"@type":"ReadAction","target":["https:\/\/uvs.fi\/?page_id=14"]}]},{"@type":"BreadcrumbList","@id":"https:\/\/uvs.fi\/?page_id=14#breadcrumb","itemListElement":[{"@type":"ListItem","position":1,"name":"Etusivu","item":"https:\/\/uvs.fi\/"},{"@type":"ListItem","position":2,"name":"Yhteystiedot"}]},{"@type":"WebSite","@id":"https:\/\/uvs.fi\/#website","url":"https:\/\/uvs.fi\/","name":"Uittamon veneily seura","description":"Uittamon veneily seuran kotisatama verkossa","publisher":{"@id":"https:\/\/uvs.fi\/#organization"},"potentialAction":[{"@type":"SearchAction","target":{"@type":"EntryPoint","urlTemplate":"https:\/\/uvs.fi\/?s={search_term_string}"},"query-input":{"@type":"PropertyValueSpecification","valueRequired":true,"valueName":"search_term_string"}}],"inLanguage":"fi"},{"@type":"Organization","@id":"https:\/\/uvs.fi\/#organization","name":"Uittamon veneily seura","url":"https:\/\/uvs.fi\/","logo":{"@type":"ImageObject","inLanguage":"fi","@id":"https:\/\/uvs.fi\/#\/schema\/logo\/image\/","url":"https:\/\/uvs.fi\/kotisatama\/wp-content\/uploads\/2026\/04\/IMG_0908.png","contentUrl":"https:\/\/uvs.fi\/kotisatama\/wp-content\/uploads\/2026\/04\/IMG_0908.png","width":231,"height":160,"caption":"Uittamon veneily seura"},"image":{"@id":"https:\/\/uvs.fi\/#\/schema\/logo\/image\/"}}]}},"_links":{"self":[{"href":"https:\/\/uvs.fi\/index.php?rest_route=\/wp\/v2\/pages\/14","targetHints":{"allow":["GET"]}}],"collection":[{"href":"https:\/\/uvs.fi\/index.php?rest_route=\/wp\/v2\/pages"}],"about":[{"href":"https:\/\/uvs.fi\/index.php?rest_route=\/wp\/v2\/types\/page"}],"author":[{"embeddable":true,"href":"https:\/\/uvs.fi\/index.php?rest_route=\/wp\/v2\/users\/1"}],"replies":[{"embeddable":true,"href":"https:\/\/uvs.fi\/index.php?rest_route=%2Fwp%2Fv2%2Fcomments&post=14"}],"version-history":[{"count":21,"href":"https:\/\/uvs.fi\/index.php?rest_route=\/wp\/v2\/pages\/14\/revisions"}],"predecessor-version":[{"id":155,"href":"https:\/\/uvs.fi\/index.php?rest_route=\/wp\/v2\/pages\/14\/revisions\/155"}],"wp:attachment":[{"href":"https:\/\/uvs.fi\/index.php?rest_route=%2Fwp%2Fv2%2Fmedia&parent=14"}],"curies":[{"name":"wp","href":"https:\/\/api.w.org\/{rel}","templated":true}]}}