{"id":15,"date":"2026-04-03T09:25:07","date_gmt":"2026-04-03T09:25:07","guid":{"rendered":"https:\/\/uvs.fi\/kotisatama\/?page_id=15"},"modified":"2026-04-05T08:10:46","modified_gmt":"2026-04-05T08:10:46","slug":"tietoa","status":"publish","type":"page","link":"https:\/\/uvs.fi\/?page_id=15","title":{"rendered":"Tietoa"},"content":{"rendered":"\n<p class=\"has-text-align-center\">UUSILLE J\u00c4SENILLE<br>V\u00c4H\u00c4N TIETOA UVS:N MAKSUISTA JA KATSASTUKSESTA<br><br>Uittamon veneilyseuralla on kolmenlaisia maksuja, liittymismaksu,<br>j\u00e4senmaksu ja katsastusmaksu.<br>Liittymismaksu maksetaan kerran, silloin kun liityt\u00e4\u00e4n&nbsp;<br>j\u00e4seneksi, j\u00e4senmaksu vuosittain. Katsastusmaksu maksetaan vuosittain&nbsp;<br>j\u00e4senmaksun yhteydess\u00e4 kun vene on seuran katsastusrekisteriss\u00e4.&nbsp;<br>Ensimm\u00e4inen katsastusmaksu perit\u00e4\u00e4n k\u00e4teisen\u00e4 katsastuksen yhteydess\u00e4.<br>Katsastusmaksua ei perit\u00e4 kaikilta j\u00e4senilt\u00e4, vaan ainoastaan<br>veneens\u00e4 UVS:s\u00e4 katsastuttaneilta j\u00e4senilt\u00e4, koska noin 50 %<br>j\u00e4senist\u00f6st\u00e4 kuuluu my\u00f6s muihin veneseuroihin ja katsastaa my\u00f6s veneens\u00e4&nbsp;<br>muihin seuroihin ja maksavat katsastusmaksuja niihin muihin seuroihin.&nbsp;<br>Katsastusmaksu sis\u00e4lt\u00e4\u00e4 my\u00f6s veneilyliiton j\u00e4senmaksun, joten UVS ei<br>peri toista liiton j\u00e4senmaksua muissa seuroissa katsastaneilta.<br>Kun j\u00e4senen vene katsastetaan j\u00e4sen maksaa katsastusmaksun ja liittyy&nbsp;<br>my\u00f6s silloin liiton j\u00e4seneksi, meill\u00e4 UVS:ss\u00e4 Suomen Purjehdus ja Veneily eli<br>SPV:hen ja rupeaa saamaan kotiin liiton Nautic- lehden.<br><br>Katsastus jaetaan kahteen osaan, peruskatsastukseen ja vuosikatsastukseen.<br>Katsastus aloitetaan peruskatsastuksella joka aloitetaan jo kev\u00e4\u00e4ll\u00e4 veneen&nbsp;<br>ollessa viel\u00e4 telakoituna ja jatketaan veneen ollessa vedess\u00e4 ajokunnossa.<br>Peruskatsastuksen j\u00e4lkeen vuosittain suoritetaan vuosikatsastus veneen&nbsp;<br>ollessa vedess\u00e4. Katsastusjakso on viisi vuotta ( 5v. ). Ensiksi peruskatsastus&nbsp;<br>ja sen j\u00e4lkeen nelj\u00e4 kertaa vuosikatsastus ja taas aloitetaan&nbsp;<br>peruskatsastuksesta, jota nimitet\u00e4\u00e4n my\u00f6s \"runkokatsastukseksi\".<br>Katsastukset pit\u00e4\u00e4 tehd\u00e4 kes\u00e4kuun viimeiseen p\u00e4iv\u00e4\u00e4n menness\u00e4 ja aina<br>venevahingon j\u00e4lkeen aloitetaan alusta ja j\u00e4senen hankkiessa uuden veneen.<br>Uusi j\u00e4sen ja j\u00e4sen joka vaihtaa veneen voi katsastaa veneens\u00e4 kes\u00e4kuun<br>j\u00e4lkeenkin mik\u00e4li vene on hankittu vasta kes\u00e4n aikana.<br>Katsastuksen voimassaolo p\u00e4\u00e4ttyy veneen vaihtaessa omistajaa.<br><br>Katsastuksesta tehd\u00e4\u00e4n katsastusp\u00f6yt\u00e4kirja, josta peruskappale menee&nbsp;<br>seuran rekisteriin ja kaksoiskappale j\u00e4\u00e4 veneen omistajalle ja on s\u00e4ilytet-<br>t\u00e4v\u00e4 aina seuraavaan katsastukseen.<br>Katsastuksesta annetaan veneen haltijalle Venetodistus joka pit\u00e4\u00e4 olla<br>veneess\u00e4 mukana ajon aikana, oikeuttaa my\u00f6s seuran per\u00e4lipun k\u00e4ytt\u00f6\u00f6n.&nbsp;<br>Katsastusmiehell\u00e4 on yll\u00e4mainitut asiakirjat ja h\u00e4n t\u00e4ytt\u00e4\u00e4 asiakirjat ja&nbsp;<br>antaa vuoden katsastustarran katsastuksen p\u00e4\u00e4tteeksi veneen kipparille<br>veneseen kiinnitett\u00e4v\u00e4ksi n\u00e4kyv\u00e4sti oikeinp\u00e4in.&nbsp;<br>Veneilij\u00e4n katsastusohje l\u00f6ytyy nettisivulta: \/ katsastus \/ katsastuss\u00e4\u00e4nn\u00f6t.<br>Ja huomatkaa katsastuksessa on kysymys veneilij\u00e4n TURVALLISUUDESTA.<br>Vakuutusyhti\u00f6t antaa alennuksia katsastetun veneen vakuutusmaksuissa<br>10 - 20 %. yhti\u00f6st\u00e4 riippuen. ( esim. IF 20 % ) Kirjoitti:<br>UVS:n katsastusmies<\/p>\n\n\n\n<div class=\"wp-block-vk-blocks-border-box vk_borderBox vk_borderBox-background-transparent is-style-vk_borderBox-style-solid-kado-tit-tab\"><div class=\"vk_borderBox_title_container\"><i class=\"\"><\/i><h4 class=\"vk_borderBox_title\">UUSILLE J\u00c4SENILLE \u00a0<\/h4><\/div><div class=\"vk_borderBox_body\">\n<p>TIETOA UVS:N MAKSUISTA JA KATSASTUKSESTA<\/p>\n\n\n\n<p>Uittamon Veneilyseurassa on kolme maksuluokkaa: liittymismaksu, j\u00e4senmaksu ja katsastusmaksu.<\/p>\n\n\n\n<ul class=\"wp-block-list\">\n<li><strong>Liittymismaksu<\/strong> maksetaan vain kerran, kun liityt\u00e4\u00e4n seuran j\u00e4seneksi. \u00a0<\/li>\n\n\n\n<li><strong>J\u00e4senmaksu<\/strong> maksetaan vuosittain. \u00a0<\/li>\n\n\n\n<li><strong>Katsastusmaksu<\/strong> perit\u00e4\u00e4n vuosittain j\u00e4senmaksun yhteydess\u00e4, jos vene on seuran katsastusrekisteriss\u00e4.<\/li>\n<\/ul>\n\n\n\n<p>Ensimm\u00e4inen katsastusmaksu maksetaan k\u00e4teisell\u00e4 katsastuksen yhteydess\u00e4. Katsastusmaksu koskee vain niit\u00e4 j\u00e4seni\u00e4, jotka katsastavat veneens\u00e4 UVS:ss\u00e4. Noin 50 % j\u00e4senist\u00e4 kuuluu my\u00f6s muihin veneseuroihin ja hoitaa katsastuksensa siell\u00e4, jolloin katsastusmaksua ei makseta UVS:\u00e4\u00e4n. Katsastusmaksu sis\u00e4lt\u00e4\u00e4 my\u00f6s Veneilyliiton j\u00e4senmaksun, joten UVS ei peri erikseen liiton maksua niilt\u00e4, jotka katsastavat veneens\u00e4 muualla.<\/p>\n\n\n\n<p>Kun j\u00e4senen vene katsastetaan, h\u00e4n maksaa katsastusmaksun ja liittyy samalla liiton j\u00e4seneksi (Suomen Purjehdus ja Veneily, SPV), jolloin j\u00e4sen alkaa saada kotiin liiton <strong>Nautic-lehte\u00e4<\/strong>.<\/p>\n\n\n\n<p><strong>Katsastus<\/strong><\/p>\n\n\n\n<p>Katsastus jakautuu kahteen osaan:<\/p>\n\n\n\n<ol class=\"wp-block-list\">\n<li><strong>Peruskatsastus<\/strong>\n<ul class=\"wp-block-list\">\n<li>Aloitetaan jo kev\u00e4\u00e4ll\u00e4 veneen ollessa telakoituna. \u00a0<\/li>\n\n\n\n<li>Jatketaan, kun vene on vedess\u00e4 ajokunnossa.<\/li>\n<\/ul>\n<\/li>\n\n\n\n<li><strong>Vuosikatsastus<\/strong>\n<ul class=\"wp-block-list\">\n<li>Suoritetaan vuosittain veneen ollessa vedess\u00e4.<\/li>\n<\/ul>\n<\/li>\n<\/ol>\n\n\n\n<p>Katsastusjakso on viisi vuotta: ensin peruskatsastus ja sen j\u00e4lkeen nelj\u00e4 vuosikatsastusta. T\u00e4m\u00e4n j\u00e4lkeen aloitetaan uudelleen peruskatsastuksella, jota kutsutaan my\u00f6s \"runkokatsastukseksi\".<\/p>\n\n\n\n<ul class=\"wp-block-list\">\n<li>Katsastukset on suoritettava <strong>kes\u00e4kuun loppuun menness\u00e4<\/strong>. \u00a0<\/li>\n\n\n\n<li>Venevahingon j\u00e4lkeen tai uuden veneen hankinnan my\u00f6t\u00e4 katsastus aloitetaan alusta. \u00a0<\/li>\n\n\n\n<li>Uusi j\u00e4sen tai j\u00e4sen, joka vaihtaa venett\u00e4, voi katsastaa veneens\u00e4 my\u00f6s kes\u00e4kuun j\u00e4lkeen, jos vene on hankittu vasta kes\u00e4n aikana. \u00a0<\/li>\n\n\n\n<li>Katsastus p\u00e4\u00e4ttyy, kun vene vaihtaa omistajaa.<\/li>\n<\/ul>\n\n\n\n<p><strong>Katsastusasiakirjat<\/strong><\/p>\n\n\n\n<ul class=\"wp-block-list\">\n<li>Katsastuksesta tehd\u00e4\u00e4n <strong>katsastusp\u00f6yt\u00e4kirja<\/strong>, josta peruskappale j\u00e4\u00e4 seuralle ja kopio veneen omistajalle. \u00a0<\/li>\n\n\n\n<li>Veneen haltija saa <strong>Venetodistuksen<\/strong>, joka tulee olla aina veneess\u00e4 mukana ja oikeuttaa seuran per\u00e4lipun k\u00e4ytt\u00f6\u00f6n. \u00a0<\/li>\n\n\n\n<li>Katsastusmies t\u00e4ytt\u00e4\u00e4 asiakirjat ja luovuttaa <strong>vuositarran<\/strong>, joka kiinnitet\u00e4\u00e4n veneeseen n\u00e4kyv\u00e4sti oikein p\u00e4in.<\/li>\n<\/ul>\n\n\n\n<p>Veneilij\u00e4n katsastusohjeet l\u00f6ytyv\u00e4t nettisivulta: \/katsastus\/katsastuss\u00e4\u00e4nn\u00f6t.<\/p>\n\n\n\n<p><strong>Huomio:<\/strong> Katsastus liittyy veneilij\u00e4n turvallisuuteen. Vakuutusyhti\u00f6t my\u00f6nt\u00e4v\u00e4t katsastetun veneen vakuutuksista 10\u201320 % alennuksia (esim. IF 20 %).<\/p>\n\n\n\n<p><em>Kirjoitti: UVS:n katsastusmies<\/em><\/p>\n<\/div><\/div>\n\n\n\n<p><\/p>\n","protected":false},"excerpt":{"rendered":"<p>UUSILLE J\u00c4SENILLEV\u00c4H\u00c4N TIETOA UVS:N MAKSUISTA JA KATSASTUKSESTA Uittamon veneilyseuralla on kolmenlaisia maksuja, liittymismaksu,j\u00e4senmaksu ja katsastusmaksu.Liittymismaksu maksetaan kerran, silloin kun liityt\u00e4\u00e4n&nbsp;j\u00e4seneksi, j\u00e4senmaksu vuosittain. Katsastusmaksu maksetaan vuosittain&nbsp;j\u00e4senmaksun yhteydess\u00e4 kun vene on seuran katsastusrekisteriss\u00e4.&nbsp;Ensimm\u00e4inen katsastusmaksu perit\u00e4\u00e4n k\u00e4teisen\u00e4 katsastuksen yhteydess\u00e4.Katsastusmaksua ei perit\u00e4 kaikilta j\u00e4senilt\u00e4, vaan ainoastaanveneens\u00e4 UVS:s\u00e4 katsastuttaneilta j\u00e4senilt\u00e4, koska noin 50 %j\u00e4senist\u00f6st\u00e4 kuuluu my\u00f6s muihin veneseuroihin ja katsastaa [&hellip;]<\/p>\n","protected":false},"author":1,"featured_media":0,"parent":0,"menu_order":0,"comment_status":"closed","ping_status":"closed","template":"","meta":{"vkexunit_cta_each_option":"","footnotes":""},"class_list":["post-15","page","type-page","status-publish","hentry"],"yoast_head":"<!-- This site is optimized with the Yoast SEO plugin v27.3 - https:\/\/yoast.com\/product\/yoast-seo-wordpress\/ -->\n<title>Tietoa - Uittamon veneily seura<\/title>\n<meta name=\"robots\" content=\"index, follow, max-snippet:-1, max-image-preview:large, max-video-preview:-1\" \/>\n<link rel=\"canonical\" href=\"https:\/\/uvs.fi\/?page_id=15\" \/>\n<meta property=\"og:locale\" content=\"fi_FI\" \/>\n<meta property=\"og:type\" content=\"article\" \/>\n<meta property=\"og:title\" content=\"Tietoa - Uittamon veneily seura\" \/>\n<meta property=\"og:description\" content=\"UUSILLE J\u00c4SENILLEV\u00c4H\u00c4N TIETOA UVS:N MAKSUISTA JA KATSASTUKSESTA Uittamon veneilyseuralla on kolmenlaisia maksuja, liittymismaksu,j\u00e4senmaksu ja katsastusmaksu.Liittymismaksu maksetaan kerran, silloin kun liityt\u00e4\u00e4n&nbsp;j\u00e4seneksi, j\u00e4senmaksu vuosittain. Katsastusmaksu maksetaan vuosittain&nbsp;j\u00e4senmaksun yhteydess\u00e4 kun vene on seuran katsastusrekisteriss\u00e4.&nbsp;Ensimm\u00e4inen katsastusmaksu perit\u00e4\u00e4n k\u00e4teisen\u00e4 katsastuksen yhteydess\u00e4.Katsastusmaksua ei perit\u00e4 kaikilta j\u00e4senilt\u00e4, vaan ainoastaanveneens\u00e4 UVS:s\u00e4 katsastuttaneilta j\u00e4senilt\u00e4, koska noin 50 %j\u00e4senist\u00f6st\u00e4 kuuluu my\u00f6s muihin veneseuroihin ja katsastaa [&hellip;]\" \/>\n<meta property=\"og:url\" content=\"https:\/\/uvs.fi\/?page_id=15\" \/>\n<meta property=\"og:site_name\" content=\"Uittamon veneily seura\" \/>\n<meta property=\"article:modified_time\" content=\"2026-04-05T08:10:46+00:00\" \/>\n<meta name=\"twitter:card\" content=\"summary_large_image\" \/>\n<meta name=\"twitter:label1\" content=\"Arvioitu lukuaika\" \/>\n\t<meta name=\"twitter:data1\" content=\"4 minuuttia\" \/>\n<script type=\"application\/ld+json\" class=\"yoast-schema-graph\">{\"@context\":\"https:\\\/\\\/schema.org\",\"@graph\":[{\"@type\":\"WebPage\",\"@id\":\"https:\\\/\\\/uvs.fi\\\/?page_id=15\",\"url\":\"https:\\\/\\\/uvs.fi\\\/?page_id=15\",\"name\":\"Tietoa - Uittamon veneily seura\",\"isPartOf\":{\"@id\":\"https:\\\/\\\/uvs.fi\\\/#website\"},\"datePublished\":\"2026-04-03T09:25:07+00:00\",\"dateModified\":\"2026-04-05T08:10:46+00:00\",\"breadcrumb\":{\"@id\":\"https:\\\/\\\/uvs.fi\\\/?page_id=15#breadcrumb\"},\"inLanguage\":\"fi\",\"potentialAction\":[{\"@type\":\"ReadAction\",\"target\":[\"https:\\\/\\\/uvs.fi\\\/?page_id=15\"]}]},{\"@type\":\"BreadcrumbList\",\"@id\":\"https:\\\/\\\/uvs.fi\\\/?page_id=15#breadcrumb\",\"itemListElement\":[{\"@type\":\"ListItem\",\"position\":1,\"name\":\"Etusivu\",\"item\":\"https:\\\/\\\/uvs.fi\\\/\"},{\"@type\":\"ListItem\",\"position\":2,\"name\":\"Tietoa\"}]},{\"@type\":\"WebSite\",\"@id\":\"https:\\\/\\\/uvs.fi\\\/#website\",\"url\":\"https:\\\/\\\/uvs.fi\\\/\",\"name\":\"Uittamon veneily seura\",\"description\":\"Uittamon veneily seuran kotisatama verkossa\",\"publisher\":{\"@id\":\"https:\\\/\\\/uvs.fi\\\/#organization\"},\"potentialAction\":[{\"@type\":\"SearchAction\",\"target\":{\"@type\":\"EntryPoint\",\"urlTemplate\":\"https:\\\/\\\/uvs.fi\\\/?s={search_term_string}\"},\"query-input\":{\"@type\":\"PropertyValueSpecification\",\"valueRequired\":true,\"valueName\":\"search_term_string\"}}],\"inLanguage\":\"fi\"},{\"@type\":\"Organization\",\"@id\":\"https:\\\/\\\/uvs.fi\\\/#organization\",\"name\":\"Uittamon veneily seura\",\"url\":\"https:\\\/\\\/uvs.fi\\\/\",\"logo\":{\"@type\":\"ImageObject\",\"inLanguage\":\"fi\",\"@id\":\"https:\\\/\\\/uvs.fi\\\/#\\\/schema\\\/logo\\\/image\\\/\",\"url\":\"https:\\\/\\\/uvs.fi\\\/kotisatama\\\/wp-content\\\/uploads\\\/2026\\\/04\\\/IMG_0908.png\",\"contentUrl\":\"https:\\\/\\\/uvs.fi\\\/kotisatama\\\/wp-content\\\/uploads\\\/2026\\\/04\\\/IMG_0908.png\",\"width\":231,\"height\":160,\"caption\":\"Uittamon veneily seura\"},\"image\":{\"@id\":\"https:\\\/\\\/uvs.fi\\\/#\\\/schema\\\/logo\\\/image\\\/\"}}]}<\/script>\n<!-- \/ Yoast SEO plugin. -->","yoast_head_json":{"title":"Tietoa - Uittamon veneily seura","robots":{"index":"index","follow":"follow","max-snippet":"max-snippet:-1","max-image-preview":"max-image-preview:large","max-video-preview":"max-video-preview:-1"},"canonical":"https:\/\/uvs.fi\/?page_id=15","og_locale":"fi_FI","og_type":"article","og_title":"Tietoa - Uittamon veneily seura","og_description":"UUSILLE J\u00c4SENILLEV\u00c4H\u00c4N TIETOA UVS:N MAKSUISTA JA KATSASTUKSESTA Uittamon veneilyseuralla on kolmenlaisia maksuja, liittymismaksu,j\u00e4senmaksu ja katsastusmaksu.Liittymismaksu maksetaan kerran, silloin kun liityt\u00e4\u00e4n&nbsp;j\u00e4seneksi, j\u00e4senmaksu vuosittain. Katsastusmaksu maksetaan vuosittain&nbsp;j\u00e4senmaksun yhteydess\u00e4 kun vene on seuran katsastusrekisteriss\u00e4.&nbsp;Ensimm\u00e4inen katsastusmaksu perit\u00e4\u00e4n k\u00e4teisen\u00e4 katsastuksen yhteydess\u00e4.Katsastusmaksua ei perit\u00e4 kaikilta j\u00e4senilt\u00e4, vaan ainoastaanveneens\u00e4 UVS:s\u00e4 katsastuttaneilta j\u00e4senilt\u00e4, koska noin 50 %j\u00e4senist\u00f6st\u00e4 kuuluu my\u00f6s muihin veneseuroihin ja katsastaa [&hellip;]","og_url":"https:\/\/uvs.fi\/?page_id=15","og_site_name":"Uittamon veneily seura","article_modified_time":"2026-04-05T08:10:46+00:00","twitter_card":"summary_large_image","twitter_misc":{"Arvioitu lukuaika":"4 minuuttia"},"schema":{"@context":"https:\/\/schema.org","@graph":[{"@type":"WebPage","@id":"https:\/\/uvs.fi\/?page_id=15","url":"https:\/\/uvs.fi\/?page_id=15","name":"Tietoa - Uittamon veneily seura","isPartOf":{"@id":"https:\/\/uvs.fi\/#website"},"datePublished":"2026-04-03T09:25:07+00:00","dateModified":"2026-04-05T08:10:46+00:00","breadcrumb":{"@id":"https:\/\/uvs.fi\/?page_id=15#breadcrumb"},"inLanguage":"fi","potentialAction":[{"@type":"ReadAction","target":["https:\/\/uvs.fi\/?page_id=15"]}]},{"@type":"BreadcrumbList","@id":"https:\/\/uvs.fi\/?page_id=15#breadcrumb","itemListElement":[{"@type":"ListItem","position":1,"name":"Etusivu","item":"https:\/\/uvs.fi\/"},{"@type":"ListItem","position":2,"name":"Tietoa"}]},{"@type":"WebSite","@id":"https:\/\/uvs.fi\/#website","url":"https:\/\/uvs.fi\/","name":"Uittamon veneily seura","description":"Uittamon veneily seuran kotisatama verkossa","publisher":{"@id":"https:\/\/uvs.fi\/#organization"},"potentialAction":[{"@type":"SearchAction","target":{"@type":"EntryPoint","urlTemplate":"https:\/\/uvs.fi\/?s={search_term_string}"},"query-input":{"@type":"PropertyValueSpecification","valueRequired":true,"valueName":"search_term_string"}}],"inLanguage":"fi"},{"@type":"Organization","@id":"https:\/\/uvs.fi\/#organization","name":"Uittamon veneily seura","url":"https:\/\/uvs.fi\/","logo":{"@type":"ImageObject","inLanguage":"fi","@id":"https:\/\/uvs.fi\/#\/schema\/logo\/image\/","url":"https:\/\/uvs.fi\/kotisatama\/wp-content\/uploads\/2026\/04\/IMG_0908.png","contentUrl":"https:\/\/uvs.fi\/kotisatama\/wp-content\/uploads\/2026\/04\/IMG_0908.png","width":231,"height":160,"caption":"Uittamon veneily seura"},"image":{"@id":"https:\/\/uvs.fi\/#\/schema\/logo\/image\/"}}]}},"_links":{"self":[{"href":"https:\/\/uvs.fi\/index.php?rest_route=\/wp\/v2\/pages\/15","targetHints":{"allow":["GET"]}}],"collection":[{"href":"https:\/\/uvs.fi\/index.php?rest_route=\/wp\/v2\/pages"}],"about":[{"href":"https:\/\/uvs.fi\/index.php?rest_route=\/wp\/v2\/types\/page"}],"author":[{"embeddable":true,"href":"https:\/\/uvs.fi\/index.php?rest_route=\/wp\/v2\/users\/1"}],"replies":[{"embeddable":true,"href":"https:\/\/uvs.fi\/index.php?rest_route=%2Fwp%2Fv2%2Fcomments&post=15"}],"version-history":[{"count":4,"href":"https:\/\/uvs.fi\/index.php?rest_route=\/wp\/v2\/pages\/15\/revisions"}],"predecessor-version":[{"id":196,"href":"https:\/\/uvs.fi\/index.php?rest_route=\/wp\/v2\/pages\/15\/revisions\/196"}],"wp:attachment":[{"href":"https:\/\/uvs.fi\/index.php?rest_route=%2Fwp%2Fv2%2Fmedia&parent=15"}],"curies":[{"name":"wp","href":"https:\/\/api.w.org\/{rel}","templated":true}]}}