{"id":172,"date":"2026-04-03T22:04:24","date_gmt":"2026-04-03T22:04:24","guid":{"rendered":"https:\/\/uvs.fi\/kotisatama\/?page_id=172"},"modified":"2026-04-04T04:32:24","modified_gmt":"2026-04-04T04:32:24","slug":"172-2","status":"publish","type":"page","link":"https:\/\/uvs.fi\/?page_id=172","title":{"rendered":"Yll\u00e4pidolle viesti\u00e4"},"content":{"rendered":"\n<div class=\"wp-block-contact-form-7-contact-form-selector\">\n<div class=\"wpcf7 no-js\" id=\"wpcf7-f171-o1\" lang=\"fi\" dir=\"ltr\" data-wpcf7-id=\"171\">\n<div class=\"screen-reader-response\"><p role=\"status\" aria-live=\"polite\" aria-atomic=\"true\"><\/p> <ul><\/ul><\/div>\n<form action=\"\/index.php?rest_route=%2Fwp%2Fv2%2Fpages%2F172#wpcf7-f171-o1\" method=\"post\" class=\"wpcf7-form init\" aria-label=\"Yhteydenottolomake\" novalidate=\"novalidate\" data-status=\"init\">\n<fieldset class=\"hidden-fields-container\"><input type=\"hidden\" name=\"_wpcf7\" value=\"171\" \/><input type=\"hidden\" name=\"_wpcf7_version\" value=\"6.1.5\" \/><input type=\"hidden\" name=\"_wpcf7_locale\" value=\"fi\" \/><input type=\"hidden\" name=\"_wpcf7_unit_tag\" value=\"wpcf7-f171-o1\" \/><input type=\"hidden\" name=\"_wpcf7_container_post\" value=\"0\" \/><input type=\"hidden\" name=\"_wpcf7_posted_data_hash\" value=\"\" \/>\n<\/fieldset>\n<p><label> Nimesi<br \/>\n<span class=\"wpcf7-form-control-wrap\" data-name=\"your-name\"><input size=\"40\" maxlength=\"400\" class=\"wpcf7-form-control wpcf7-text wpcf7-validates-as-required\" autocomplete=\"name\" aria-required=\"true\" aria-invalid=\"false\" placeholder=\"\" value=\"\" type=\"text\" name=\"your-name\" \/><\/span> Pakollinen<br \/>\n<\/label>\n<\/p>\n<p><label> S\u00e4hk\u00f6postiosoitteesi<br \/>\n<span class=\"wpcf7-form-control-wrap\" data-name=\"your-email\"><input size=\"40\" maxlength=\"400\" class=\"wpcf7-form-control wpcf7-email wpcf7-validates-as-required wpcf7-text wpcf7-validates-as-email\" autocomplete=\"email\" aria-required=\"true\" aria-invalid=\"false\" placeholder=\"\" value=\"\" type=\"email\" name=\"your-email\" \/><\/span> Pakollinen<br \/>\n<\/label>\n<\/p>\n<p><label>Puhelin<br \/>\n<span class=\"wpcf7-form-control-wrap\" data-name=\"tel-number\"><input size=\"40\" maxlength=\"400\" class=\"wpcf7-form-control wpcf7-tel wpcf7-text wpcf7-validates-as-tel Tel\" autocomplete=\"tel\" aria-invalid=\"false\" placeholder=\"\" value=\"\" type=\"tel\" name=\"tel-number\" \/><\/span> Valinnainen<br \/>\n<\/label>\n<\/p>\n<p><label> Aihe<br \/>\n<span class=\"wpcf7-form-control-wrap\" data-name=\"your-subject\"><input size=\"40\" maxlength=\"400\" class=\"wpcf7-form-control wpcf7-text wpcf7-validates-as-required\" aria-required=\"true\" aria-invalid=\"false\" placeholder=\"\" value=\"\" type=\"text\" name=\"your-subject\" \/><\/span> Pakollinen<br \/>\n<\/label>\n<\/p>\n<p><label> Viestisi<br \/>\n<span class=\"wpcf7-form-control-wrap\" data-name=\"your-message\"><textarea cols=\"40\" rows=\"10\" maxlength=\"2000\" class=\"wpcf7-form-control wpcf7-textarea\" aria-invalid=\"false\" placeholder=\"\" name=\"your-message\"><\/textarea><\/span> Valinnainen, mutta suositeltava t\u00e4ytt\u00e4\u00e4!<br \/>\n<\/label>\n<\/p>\n<p><label><br \/>\nVaaditaan hyv\u00e4ksynt\u00e4!<br \/>\n<span class=\"wpcf7-form-control-wrap\" data-name=\"acceptance-372\"><span class=\"wpcf7-form-control wpcf7-acceptance\"><span class=\"wpcf7-list-item\"><label><input type=\"checkbox\" name=\"acceptance-372\" value=\"1\" aria-invalid=\"false\" \/><span class=\"wpcf7-list-item-label\">Ymm\u00e4rr\u00e4n l\u00e4hett\u00e4ess\u00e4ni t\u00e4m\u00e4n, ett\u00e4 annan yhteystietoni palvelimen ja sivuston yll\u00e4pit\u00e4j\u00e4lle. Olen my\u00f6s valmis vastaamaan tarkentaviin kysymyksiin, jos viestin sis\u00e4lt\u00f6 liittyy sivuston kehitys tai yll\u00e4pito toimiin. Yll\u00e4pit\u00e4j\u00e4 sitoutuu luonnollisesti nykyiseen yleiseen GDPR ohjeistuksen  mukaiseen yksityisyyden varmistamiseen, mutta ei voi taata t\u00e4ysin salattua yhteytt\u00e4 s\u00e4hk\u00f6postille kuin kuluttaja tasolla.<\/span><\/label><\/span><\/span><\/span><br \/>\n<\/label>\n<\/p>\n<p><input class=\"wpcf7-form-control wpcf7-submit has-spinner\" type=\"submit\" value=\"L\u00e4het\u00e4\" \/>\n<\/p><p style=\"display: none !important;\" class=\"akismet-fields-container\" data-prefix=\"_wpcf7_ak_\"><label>&#916;<textarea name=\"_wpcf7_ak_hp_textarea\" cols=\"45\" rows=\"8\" maxlength=\"100\"><\/textarea><\/label><input type=\"hidden\" id=\"ak_js_1\" name=\"_wpcf7_ak_js\" value=\"84\"\/><script>document.getElementById( \"ak_js_1\" ).setAttribute( \"value\", ( new Date() ).getTime() );<\/script><\/p><div class=\"wpcf7-response-output\" aria-hidden=\"true\"><\/div>\n<\/form>\n<\/div>\n<\/div>\n\n\n\n<p><\/p>\n\n\n<div class=\"alert alert-danger\" style=\"padding:1.5rem;\"><p class=\"text-center\" style=\"font-weight:bold;\">Post not found, not public, or password protected<\/p><p class=\"mb-0\">The Page Content block from VK Blocks version 1.95.0 onwards, non-public or password protected page's content can no longer be displayed.If you want to display non-public content in multiple locations, please create it as a Synced pattern(Reusable block) and place it in the desired locations instead of using Page Content block.<\/p><\/div>\n\n\n<p><\/p>\n","protected":false},"excerpt":{"rendered":"","protected":false},"author":1,"featured_media":0,"parent":0,"menu_order":0,"comment_status":"closed","ping_status":"closed","template":"","meta":{"vkexunit_cta_each_option":"","footnotes":""},"class_list":["post-172","page","type-page","status-publish","hentry"],"yoast_head":"<!-- This site is optimized with the Yoast SEO plugin v27.3 - https:\/\/yoast.com\/product\/yoast-seo-wordpress\/ -->\n<title>Yll\u00e4pidolle viesti\u00e4 - Uittamon veneily seura<\/title>\n<meta name=\"robots\" content=\"index, follow, max-snippet:-1, max-image-preview:large, max-video-preview:-1\" \/>\n<link rel=\"canonical\" href=\"https:\/\/uvs.fi\/?page_id=172\" \/>\n<meta property=\"og:locale\" content=\"fi_FI\" \/>\n<meta property=\"og:type\" content=\"article\" \/>\n<meta property=\"og:title\" content=\"Yll\u00e4pidolle viesti\u00e4 - Uittamon veneily seura\" \/>\n<meta property=\"og:url\" content=\"https:\/\/uvs.fi\/?page_id=172\" \/>\n<meta property=\"og:site_name\" content=\"Uittamon veneily seura\" \/>\n<meta property=\"article:modified_time\" content=\"2026-04-04T04:32:24+00:00\" \/>\n<meta name=\"twitter:card\" content=\"summary_large_image\" \/>\n<meta name=\"twitter:label1\" content=\"Arvioitu lukuaika\" \/>\n\t<meta name=\"twitter:data1\" content=\"1 minuutti\" \/>\n<script type=\"application\/ld+json\" class=\"yoast-schema-graph\">{\"@context\":\"https:\\\/\\\/schema.org\",\"@graph\":[{\"@type\":\"WebPage\",\"@id\":\"https:\\\/\\\/uvs.fi\\\/?page_id=172\",\"url\":\"https:\\\/\\\/uvs.fi\\\/?page_id=172\",\"name\":\"Yll\u00e4pidolle viesti\u00e4 - Uittamon veneily seura\",\"isPartOf\":{\"@id\":\"https:\\\/\\\/uvs.fi\\\/#website\"},\"datePublished\":\"2026-04-03T22:04:24+00:00\",\"dateModified\":\"2026-04-04T04:32:24+00:00\",\"breadcrumb\":{\"@id\":\"https:\\\/\\\/uvs.fi\\\/?page_id=172#breadcrumb\"},\"inLanguage\":\"fi\",\"potentialAction\":[{\"@type\":\"ReadAction\",\"target\":[\"https:\\\/\\\/uvs.fi\\\/?page_id=172\"]}]},{\"@type\":\"BreadcrumbList\",\"@id\":\"https:\\\/\\\/uvs.fi\\\/?page_id=172#breadcrumb\",\"itemListElement\":[{\"@type\":\"ListItem\",\"position\":1,\"name\":\"Etusivu\",\"item\":\"https:\\\/\\\/uvs.fi\\\/\"},{\"@type\":\"ListItem\",\"position\":2,\"name\":\"Yll\u00e4pidolle viesti\u00e4\"}]},{\"@type\":\"WebSite\",\"@id\":\"https:\\\/\\\/uvs.fi\\\/#website\",\"url\":\"https:\\\/\\\/uvs.fi\\\/\",\"name\":\"Uittamon veneily seura\",\"description\":\"Uittamon veneily seuran kotisatama verkossa\",\"publisher\":{\"@id\":\"https:\\\/\\\/uvs.fi\\\/#organization\"},\"potentialAction\":[{\"@type\":\"SearchAction\",\"target\":{\"@type\":\"EntryPoint\",\"urlTemplate\":\"https:\\\/\\\/uvs.fi\\\/?s={search_term_string}\"},\"query-input\":{\"@type\":\"PropertyValueSpecification\",\"valueRequired\":true,\"valueName\":\"search_term_string\"}}],\"inLanguage\":\"fi\"},{\"@type\":\"Organization\",\"@id\":\"https:\\\/\\\/uvs.fi\\\/#organization\",\"name\":\"Uittamon veneily seura\",\"url\":\"https:\\\/\\\/uvs.fi\\\/\",\"logo\":{\"@type\":\"ImageObject\",\"inLanguage\":\"fi\",\"@id\":\"https:\\\/\\\/uvs.fi\\\/#\\\/schema\\\/logo\\\/image\\\/\",\"url\":\"https:\\\/\\\/uvs.fi\\\/kotisatama\\\/wp-content\\\/uploads\\\/2026\\\/04\\\/IMG_0908.png\",\"contentUrl\":\"https:\\\/\\\/uvs.fi\\\/kotisatama\\\/wp-content\\\/uploads\\\/2026\\\/04\\\/IMG_0908.png\",\"width\":231,\"height\":160,\"caption\":\"Uittamon veneily seura\"},\"image\":{\"@id\":\"https:\\\/\\\/uvs.fi\\\/#\\\/schema\\\/logo\\\/image\\\/\"}}]}<\/script>\n<!-- \/ Yoast SEO plugin. -->","yoast_head_json":{"title":"Yll\u00e4pidolle viesti\u00e4 - Uittamon veneily seura","robots":{"index":"index","follow":"follow","max-snippet":"max-snippet:-1","max-image-preview":"max-image-preview:large","max-video-preview":"max-video-preview:-1"},"canonical":"https:\/\/uvs.fi\/?page_id=172","og_locale":"fi_FI","og_type":"article","og_title":"Yll\u00e4pidolle viesti\u00e4 - Uittamon veneily seura","og_url":"https:\/\/uvs.fi\/?page_id=172","og_site_name":"Uittamon veneily seura","article_modified_time":"2026-04-04T04:32:24+00:00","twitter_card":"summary_large_image","twitter_misc":{"Arvioitu lukuaika":"1 minuutti"},"schema":{"@context":"https:\/\/schema.org","@graph":[{"@type":"WebPage","@id":"https:\/\/uvs.fi\/?page_id=172","url":"https:\/\/uvs.fi\/?page_id=172","name":"Yll\u00e4pidolle viesti\u00e4 - Uittamon veneily seura","isPartOf":{"@id":"https:\/\/uvs.fi\/#website"},"datePublished":"2026-04-03T22:04:24+00:00","dateModified":"2026-04-04T04:32:24+00:00","breadcrumb":{"@id":"https:\/\/uvs.fi\/?page_id=172#breadcrumb"},"inLanguage":"fi","potentialAction":[{"@type":"ReadAction","target":["https:\/\/uvs.fi\/?page_id=172"]}]},{"@type":"BreadcrumbList","@id":"https:\/\/uvs.fi\/?page_id=172#breadcrumb","itemListElement":[{"@type":"ListItem","position":1,"name":"Etusivu","item":"https:\/\/uvs.fi\/"},{"@type":"ListItem","position":2,"name":"Yll\u00e4pidolle viesti\u00e4"}]},{"@type":"WebSite","@id":"https:\/\/uvs.fi\/#website","url":"https:\/\/uvs.fi\/","name":"Uittamon veneily seura","description":"Uittamon veneily seuran kotisatama verkossa","publisher":{"@id":"https:\/\/uvs.fi\/#organization"},"potentialAction":[{"@type":"SearchAction","target":{"@type":"EntryPoint","urlTemplate":"https:\/\/uvs.fi\/?s={search_term_string}"},"query-input":{"@type":"PropertyValueSpecification","valueRequired":true,"valueName":"search_term_string"}}],"inLanguage":"fi"},{"@type":"Organization","@id":"https:\/\/uvs.fi\/#organization","name":"Uittamon veneily seura","url":"https:\/\/uvs.fi\/","logo":{"@type":"ImageObject","inLanguage":"fi","@id":"https:\/\/uvs.fi\/#\/schema\/logo\/image\/","url":"https:\/\/uvs.fi\/kotisatama\/wp-content\/uploads\/2026\/04\/IMG_0908.png","contentUrl":"https:\/\/uvs.fi\/kotisatama\/wp-content\/uploads\/2026\/04\/IMG_0908.png","width":231,"height":160,"caption":"Uittamon veneily seura"},"image":{"@id":"https:\/\/uvs.fi\/#\/schema\/logo\/image\/"}}]}},"_links":{"self":[{"href":"https:\/\/uvs.fi\/index.php?rest_route=\/wp\/v2\/pages\/172","targetHints":{"allow":["GET"]}}],"collection":[{"href":"https:\/\/uvs.fi\/index.php?rest_route=\/wp\/v2\/pages"}],"about":[{"href":"https:\/\/uvs.fi\/index.php?rest_route=\/wp\/v2\/types\/page"}],"author":[{"embeddable":true,"href":"https:\/\/uvs.fi\/index.php?rest_route=\/wp\/v2\/users\/1"}],"replies":[{"embeddable":true,"href":"https:\/\/uvs.fi\/index.php?rest_route=%2Fwp%2Fv2%2Fcomments&post=172"}],"version-history":[{"count":4,"href":"https:\/\/uvs.fi\/index.php?rest_route=\/wp\/v2\/pages\/172\/revisions"}],"predecessor-version":[{"id":178,"href":"https:\/\/uvs.fi\/index.php?rest_route=\/wp\/v2\/pages\/172\/revisions\/178"}],"wp:attachment":[{"href":"https:\/\/uvs.fi\/index.php?rest_route=%2Fwp%2Fv2%2Fmedia&parent=172"}],"curies":[{"name":"wp","href":"https:\/\/api.w.org\/{rel}","templated":true}]}}