{"id":179,"date":"2026-04-04T17:27:03","date_gmt":"2026-04-04T17:27:03","guid":{"rendered":"https:\/\/uvs.fi\/kotisatama\/?page_id=179"},"modified":"2026-04-04T17:28:46","modified_gmt":"2026-04-04T17:28:46","slug":"viralliset-tiedot","status":"publish","type":"page","link":"https:\/\/uvs.fi\/?page_id=179","title":{"rendered":"Rekisteriseloste"},"content":{"rendered":"\n<p>REKISTERISELOSTE<\/p>\n\n\n\n<p>Uittamon Veneilyseura ry. UVS&nbsp; 9.5.2018<\/p>\n\n\n\n<p>\u00a2 REKISTERISELOSTE (Henkil\u00f6tietolaki 523\/1999) 10\u00a7<\/p>\n\n\n\n<ol class=\"wp-block-list\">\n<li>Rekisterinpit\u00e4j\u00e4<\/li>\n<\/ol>\n\n\n\n<p>Nimi: Uittamon Veneilyseura ry.<\/p>\n\n\n\n<ol start=\"2\" class=\"wp-block-list\">\n<li>Yhteyshenkil\u00f6 rekisteri\u00e4 koskevissa asioissa<\/li>\n<\/ol>\n\n\n\n<p>on yhdistyksen virassa oleva taloudenhoitaja<\/p>\n\n\n\n<ol start=\"3\" class=\"wp-block-list\">\n<li>Rekisterin nimi<\/li>\n<\/ol>\n\n\n\n<p>UVS ry henkil\u00f6rekisteri.<\/p>\n\n\n\n<ol start=\"4\" class=\"wp-block-list\">\n<li>Rekister\u00f6ityjen ryhm\u00e4<\/li>\n<\/ol>\n\n\n\n<p>UVS ry:n j\u00e4senten ja sen kanssa yhteisty\u00f6ss\u00e4 toimivien seurojen<\/p>\n\n\n\n<p>sek\u00e4 kattoj\u00e4rjest\u00f6\u00f6n liittyv\u00e4 henkil\u00f6- ja -organisaatiorekisteri:<\/p>\n\n\n\n<p>Henkil\u00f6rekisteri: seuran henkil\u00f6j\u00e4senet - UVS ry:ll\u00e4<\/p>\n\n\n\n<p>on p\u00e4\u00e4sy omiin henkil\u00f6j\u00e4seniins\u00e4 ja lis\u00e4ksi kattoj\u00e4rjest\u00f6ll\u00e4 joihin UVS ry kuuluu, on p\u00e4\u00e4sy seuran<\/p>\n\n\n\n<p>j\u00e4sentietoihin.<\/p>\n\n\n\n<p>Organisaatiorekisteri: UVS ry:n hallituksen organisaatio sek\u00e4 UVS ry:n kanssa yhteisty\u00f6ss\u00e4<\/p>\n\n\n\n<p>toimivat organisaatiot (liitot ja seurat) sek\u00e4 n\u00e4ihin liitetyt keskeiset teht\u00e4v\u00e4nhaltijat, kuten<\/p>\n\n\n\n<p>\u201cpuheenjohtaja\u201d, \u201crahastonhoitaja\u201d jne. - jokaisella organisaatiolla on p\u00e4\u00e4sy omaa organisaatiotaan<\/p>\n\n\n\n<p>sek\u00e4 sen teht\u00e4v\u00e4nhaltijoita koskeviin tietoihin.<\/p>\n\n\n\n<ol start=\"5\" class=\"wp-block-list\">\n<li>Henkil\u00f6tietojen k\u00e4sittelyn tarkoitus<\/li>\n<\/ol>\n\n\n\n<p>Henkil\u00f6j\u00e4seneen liitett\u00e4vien tietojen k\u00e4ytt\u00f6tarkoituksena on j\u00e4senten palveleminen sek\u00e4<\/p>\n\n\n\n<p>tiedottaminen liittyen mm. h\u00e4nelle suunnattujen veneilypalvelujen tai - retkien sek\u00e4 h\u00e4nen<\/p>\n\n\n\n<p>j\u00e4senyyksiins\u00e4. Parempi palveleminen voi tarkoittaa vaikkapa henkil\u00f6tietojen<\/p>\n\n\n\n<p>hy\u00f6dynt\u00e4mist\u00e4 siten, ett\u00e4 voidaan tehd\u00e4 erilaisia suosituksia ja ehdotuksia henkil\u00f6lle liittyen<\/p>\n\n\n\n<p>veneilykoulutus mahdollisuuksiin esimerkiksi h\u00e4nen veneilytaitojen yll\u00e4pitoon ja kehitt\u00e4miseen<\/p>\n\n\n\n<p>- viestij\u00e4n\u00e4 voi olla Uittamon Veneilyseura ry.<\/p>\n\n\n\n<p>Tutkimustarkoitukset ja erilaiset viralliset raportit kolmansille osapuolille. (T\u00e4ll\u00f6inkin<\/p>\n\n\n\n<p>huomioidaan tietosuoja- asiat ja lains\u00e4\u00e4d\u00e4nt\u00f6. Pyrit\u00e4\u00e4n v\u00e4ltt\u00e4m\u00e4\u00e4n sit\u00e4, ett\u00e4 yksil\u00f6ity\u00e4<\/p>\n\n\n\n<p>dataa annetaan ulos. Vain jos pakottavaa tarvetta ja jos vastaanottava taho pystyy<\/p>\n\n\n\n<p>osoittamaan, ett\u00e4 dataa k\u00e4sitell\u00e4\u00e4n asianmukaisella tavalla).<\/p>\n\n\n\n<p>Markkinointi ja kaupallinen yhteisty\u00f6. Henkil\u00f6j\u00e4senell\u00e4 on oikeus kielt\u00e4 tietojen<\/p>\n\n\n\n<p>k\u00e4ytt\u00e4minen suoramarkkinointiin ilmoittamalla siit\u00e4 yll\u00e4pitohenkil\u00f6lle<\/p>\n\n\n\n<p>Ker\u00e4ttyj\u00e4 tietoja k\u00e4sitell\u00e4\u00e4n sovellettavan lains\u00e4\u00e4d\u00e4nn\u00f6n, kuten Suomen<\/p>\n\n\n\n<p>henkil\u00f6tietolain (523\/1999) mukaisesti.<\/p>\n\n\n\n<ol start=\"6\" class=\"wp-block-list\">\n<li>Rekisterin tietosis\u00e4lt\u00f6<\/li>\n<\/ol>\n\n\n\n<p>Henkil\u00f6rekisteriss\u00e4 voidaan k\u00e4sitell\u00e4 seuraaviin ryhmiin sis\u00e4ltyvi\u00e4 tietoja<\/p>\n\n\n\n<ul class=\"wp-block-list\">\n<li>j\u00e4senyyssuhdetta\/asiakassuhdetta koskevat tiedot, kuten yhteydenotot ja muu<\/li>\n<\/ul>\n\n\n\n<p>viestint\u00e4 organisaation &amp; j\u00e4senen v\u00e4lill\u00e4<\/p>\n\n\n\n<ul class=\"wp-block-list\">\n<li>muut henkil\u00f6n antamat kiinnostustiedot ja asiakkaan suostumuksella ker\u00e4tyt<\/li>\n<\/ul>\n\n\n\n<p>tiedot Organisaatiorekisteriss\u00e4 voidaan k\u00e4sitell\u00e4 seuraaviin ryhmiin sis\u00e4ltyvi\u00e4<\/p>\n\n\n\n<p>tietoja:<\/p>\n\n\n\n<ul class=\"wp-block-list\">\n<li>henkil\u00f6n organisaatioihin liittyv\u00e4t teht\u00e4v\u00e4t ja n\u00e4ihin teht\u00e4viin liittyv\u00e4t tiedot, kuten<\/li>\n<\/ul>\n\n\n\n<p>yhteystiedot.<\/p>\n\n\n\n<ol start=\"7\" class=\"wp-block-list\">\n<li>S\u00e4\u00e4nn\u00f6nmukaiset tietol\u00e4hteet<\/li>\n<\/ol>\n\n\n\n<p>Tietoja ker\u00e4t\u00e4\u00e4n p\u00e4\u00e4s\u00e4\u00e4nt\u00f6isesti rekister\u00f6idyilt\u00e4 itselt\u00e4\u00e4n profiilin luomisen,<\/p>\n\n\n\n<p>*J\u00e4senyyden tai muun asiallisen yhteyden alkaessa ja kest\u00e4ess\u00e4.<\/p>\n\n\n\n<p>*Asiakkuus m\u00e4\u00e4ritell\u00e4\u00e4n alkavaksi j\u00e4senen sek\u00e4 seuran v\u00e4lill\u00e4, kun<\/p>\n\n\n\n<p>hallitus on hyv\u00e4ksynyt j\u00e4senanomuksen.<\/p>\n\n\n\n<ol start=\"8\" class=\"wp-block-list\">\n<li>Tietojen s\u00e4\u00e4nn\u00f6nmukaiset luovutukset:<\/li>\n<\/ol>\n\n\n\n<p>Seura voi luovuttaa henkil\u00f6tietoja voimassaolevan lains\u00e4\u00e4d\u00e4nn\u00f6n sallimissa ja<\/p>\n\n\n\n<p>velvoittamissa rajoissa seuraavasti:<\/p>\n\n\n\n<ul class=\"wp-block-list\">\n<li>rekister\u00f6idyn antaman suostumuksen perusteella;<\/li>\n<\/ul>\n\n\n\n<p>seuran toimintaan liittyville organisaatioille (lajiliitot ja niihin kuuluvat seurat) sek\u00e4<\/p>\n\n\n\n<p>valtuutetuille kolmansille osapuolille siin\u00e4 m\u00e4\u00e4rin, kuin ne osallistuvat t\u00e4ss\u00e4<\/p>\n\n\n\n<p>rekisteriselosteessa mainittujen k\u00e4ytt\u00f6tarkoitusten toteuttamiseen. Seura<\/p>\n\n\n\n<p>velvoittaa mainitut tahot pit\u00e4m\u00e4\u00e4n kaikki niille luovutetut henkil\u00f6tiedot<\/p>\n\n\n\n<p>salassa ja turvaamaan henkil\u00f6tietosi riitt\u00e4v\u00e4ll\u00e4 tavalla; ja<\/p>\n\n\n\n<ul class=\"wp-block-list\">\n<li>pakottavaan lains\u00e4\u00e4d\u00e4nt\u00f6\u00f6n perustuvan vaatimuksen nojalla.<\/li>\n<\/ul>\n\n\n\n<ol start=\"9\" class=\"wp-block-list\">\n<li>Luovutukset EU- ja ETA -maiden ulkopuolelle:<\/li>\n<\/ol>\n\n\n\n<p>Tietoja ei luovuteta EU:n \/ ETA:n ulkopuolelle. Teknisist\u00e4 ja tietojen k\u00e4ytt\u00f6\u00f6n liittyvist\u00e4<\/p>\n\n\n\n<p>k\u00e4yt\u00e4nn\u00f6llisist\u00e4 syist\u00e4 johtuen tietoja saatetaan s\u00e4ilytt\u00e4\u00e4 UVS ry:n k\u00e4ytt\u00e4mien<\/p>\n\n\n\n<p>ulkopuolisten palveluntarjoajien palvelimilla ja n\u00e4m\u00e4 ulkopuoliset palveluntarjoajat<\/p>\n\n\n\n<p>saattavat k\u00e4sitell\u00e4 tietoja UVS ry:n lukuun.<\/p>\n\n\n\n<p>Tietojen siirrossa noudatetaan henkil\u00f6tietolakia (523\/1999) ja Euroopan parlamentin ja<\/p>\n\n\n\n<p>neuvoston antamaa henkil\u00f6tietodirektiivi\u00e4 (95\/46\/EY).<\/p>\n\n\n\n<p>Edell\u00e4 mainittuja oikeuksia voidaan k\u00e4ytt\u00e4\u00e4 ottamalla yhteytt\u00e4 seuraan t\u00e4m\u00e4n<\/p>\n\n\n\n<p>rekisteriselosteen alussa mainittuja yhteystietoja k\u00e4ytt\u00e4en.<\/p>\n\n\n\n<ol start=\"10\" class=\"wp-block-list\">\n<li>Rekister\u00f6ityjen oikeudet<\/li>\n<\/ol>\n\n\n\n<p>Rekister\u00f6idyill\u00e4 on lain asettamissa rajoissa oikeus1) tarkastaa, mit\u00e4 tietoja seura<\/p>\n\n\n\n<p>on h\u00e4nest\u00e4 ker\u00e4nnyt;2) vaatia virheellisen, tarpeettoman, puutteellisen tai<\/p>\n\n\n\n<p>vanhentuneen henkil\u00f6tiedon korjaamista tai poistamista3) kielt\u00e4\u00e4 seuraa<\/p>\n\n\n\n<p>k\u00e4sittelem\u00e4st\u00e4 henkil\u00f6tietojaan suoramarkkinointia sek\u00e4 markkina- ja<\/p>\n\n\n\n<p>mielipidetutkimuksia varten. Edell\u00e4 mainittuja oikeuksia voidaan k\u00e4ytt\u00e4\u00e4 ottamalla yhteytt\u00e4 seuraan<\/p>\n\n\n\n<p>rekisteriselosteen alussa mainittuja yhteystietoja k\u00e4ytt\u00e4en.<\/p>\n\n\n\n<ol start=\"11\" class=\"wp-block-list\">\n<li>Rekisterin suojauksen periaatteet<\/li>\n<\/ol>\n\n\n\n<p>Mahdollinen konkreettinen aineisto (paperiset liittymis-\/ilmoittautumislomakkeet)<\/p>\n\n\n\n<p>h\u00e4vitet\u00e4\u00e4n k\u00e4sittelyn j\u00e4lkeen. Sit\u00e4 ennen aineistoa s\u00e4ilytet\u00e4\u00e4n lukitussa tilassa.<\/p>\n\n\n\n<p>Rekisterin k\u00e4ytt\u00f6 on rekisterinpit\u00e4j\u00e4n organisaatiossa ohjeistettu ja henkil\u00f6rekisteriin<\/p>\n\n\n\n<p>p\u00e4\u00e4sy on rajattu siten, ett\u00e4 ATK-j\u00e4rjestelm\u00e4\u00e4n tallennettuihin rekisterin sis\u00e4lt\u00e4miin tie-<\/p>\n\n\n\n<p>toihin p\u00e4\u00e4sev\u00e4t ja niit\u00e4 ovat oikeutettuja k\u00e4ytt\u00e4m\u00e4\u00e4n vain ne rekisterinpit\u00e4j\u00e4n<\/p>\n\n\n\n<p>edustajat, joilla on luottamusteht\u00e4viens\u00e4 puolesta siihen oikeus. ATK-j\u00e4rjestelm\u00e4 on suojattu<\/p>\n\n\n\n<p>k\u00e4ytt\u00f6j\u00e4rjestelm\u00e4n suojausohjelmiston avulla. J\u00e4rjestelm\u00e4\u00e4n sis\u00e4\u00e4np\u00e4\u00e4sy edellytt\u00e4\u00e4<\/p>\n\n\n\n<p>kultakin rekisterin k\u00e4ytt\u00e4j\u00e4lt\u00e4 k\u00e4ytt\u00e4j\u00e4tunnuksen ja salasanan sy\u00f6tt\u00e4mist\u00e4.<\/p>\n\n\n\n<p><\/p>\n","protected":false},"excerpt":{"rendered":"<p>REKISTERISELOSTE Uittamon Veneilyseura ry. UVS&nbsp; 9.5.2018 \u00a2 REKISTERISELOSTE (Henkil\u00f6tietolaki 523\/1999) 10\u00a7 Nimi: Uittamon Veneilyseura ry. on yhdistyksen virassa oleva taloudenhoitaja UVS ry henkil\u00f6rekisteri. UVS ry:n j\u00e4senten ja sen kanssa yhteisty\u00f6ss\u00e4 toimivien seurojen sek\u00e4 kattoj\u00e4rjest\u00f6\u00f6n liittyv\u00e4 henkil\u00f6- ja -organisaatiorekisteri: Henkil\u00f6rekisteri: seuran henkil\u00f6j\u00e4senet - UVS ry:ll\u00e4 on p\u00e4\u00e4sy omiin henkil\u00f6j\u00e4seniins\u00e4 ja lis\u00e4ksi kattoj\u00e4rjest\u00f6ll\u00e4 joihin UVS ry kuuluu, [&hellip;]<\/p>\n","protected":false},"author":1,"featured_media":0,"parent":0,"menu_order":0,"comment_status":"closed","ping_status":"closed","template":"","meta":{"vkexunit_cta_each_option":"","footnotes":""},"class_list":["post-179","page","type-page","status-publish","hentry"],"yoast_head":"<!-- This site is optimized with the Yoast SEO plugin v27.3 - https:\/\/yoast.com\/product\/yoast-seo-wordpress\/ -->\n<title>Rekisteriseloste - Uittamon veneily seura<\/title>\n<meta name=\"robots\" content=\"index, follow, max-snippet:-1, max-image-preview:large, max-video-preview:-1\" \/>\n<link rel=\"canonical\" href=\"https:\/\/uvs.fi\/?page_id=179\" \/>\n<meta property=\"og:locale\" content=\"fi_FI\" \/>\n<meta property=\"og:type\" content=\"article\" \/>\n<meta property=\"og:title\" content=\"Rekisteriseloste - Uittamon veneily seura\" \/>\n<meta property=\"og:description\" content=\"REKISTERISELOSTE Uittamon Veneilyseura ry. UVS&nbsp; 9.5.2018 \u00a2 REKISTERISELOSTE (Henkil\u00f6tietolaki 523\/1999) 10\u00a7 Nimi: Uittamon Veneilyseura ry. on yhdistyksen virassa oleva taloudenhoitaja UVS ry henkil\u00f6rekisteri. UVS ry:n j\u00e4senten ja sen kanssa yhteisty\u00f6ss\u00e4 toimivien seurojen sek\u00e4 kattoj\u00e4rjest\u00f6\u00f6n liittyv\u00e4 henkil\u00f6- ja -organisaatiorekisteri: Henkil\u00f6rekisteri: seuran henkil\u00f6j\u00e4senet - UVS ry:ll\u00e4 on p\u00e4\u00e4sy omiin henkil\u00f6j\u00e4seniins\u00e4 ja lis\u00e4ksi kattoj\u00e4rjest\u00f6ll\u00e4 joihin UVS ry kuuluu, [&hellip;]\" \/>\n<meta property=\"og:url\" content=\"https:\/\/uvs.fi\/?page_id=179\" \/>\n<meta property=\"og:site_name\" content=\"Uittamon veneily seura\" \/>\n<meta property=\"article:modified_time\" content=\"2026-04-04T17:28:46+00:00\" \/>\n<meta name=\"twitter:card\" content=\"summary_large_image\" \/>\n<meta name=\"twitter:label1\" content=\"Arvioitu lukuaika\" \/>\n\t<meta name=\"twitter:data1\" content=\"4 minuuttia\" \/>\n<script type=\"application\/ld+json\" class=\"yoast-schema-graph\">{\"@context\":\"https:\\\/\\\/schema.org\",\"@graph\":[{\"@type\":\"WebPage\",\"@id\":\"https:\\\/\\\/uvs.fi\\\/?page_id=179\",\"url\":\"https:\\\/\\\/uvs.fi\\\/?page_id=179\",\"name\":\"Rekisteriseloste - Uittamon veneily seura\",\"isPartOf\":{\"@id\":\"https:\\\/\\\/uvs.fi\\\/#website\"},\"datePublished\":\"2026-04-04T17:27:03+00:00\",\"dateModified\":\"2026-04-04T17:28:46+00:00\",\"breadcrumb\":{\"@id\":\"https:\\\/\\\/uvs.fi\\\/?page_id=179#breadcrumb\"},\"inLanguage\":\"fi\",\"potentialAction\":[{\"@type\":\"ReadAction\",\"target\":[\"https:\\\/\\\/uvs.fi\\\/?page_id=179\"]}]},{\"@type\":\"BreadcrumbList\",\"@id\":\"https:\\\/\\\/uvs.fi\\\/?page_id=179#breadcrumb\",\"itemListElement\":[{\"@type\":\"ListItem\",\"position\":1,\"name\":\"Etusivu\",\"item\":\"https:\\\/\\\/uvs.fi\\\/\"},{\"@type\":\"ListItem\",\"position\":2,\"name\":\"Rekisteriseloste\"}]},{\"@type\":\"WebSite\",\"@id\":\"https:\\\/\\\/uvs.fi\\\/#website\",\"url\":\"https:\\\/\\\/uvs.fi\\\/\",\"name\":\"Uittamon veneily seura\",\"description\":\"Uittamon veneily seuran kotisatama verkossa\",\"publisher\":{\"@id\":\"https:\\\/\\\/uvs.fi\\\/#organization\"},\"potentialAction\":[{\"@type\":\"SearchAction\",\"target\":{\"@type\":\"EntryPoint\",\"urlTemplate\":\"https:\\\/\\\/uvs.fi\\\/?s={search_term_string}\"},\"query-input\":{\"@type\":\"PropertyValueSpecification\",\"valueRequired\":true,\"valueName\":\"search_term_string\"}}],\"inLanguage\":\"fi\"},{\"@type\":\"Organization\",\"@id\":\"https:\\\/\\\/uvs.fi\\\/#organization\",\"name\":\"Uittamon veneily seura\",\"url\":\"https:\\\/\\\/uvs.fi\\\/\",\"logo\":{\"@type\":\"ImageObject\",\"inLanguage\":\"fi\",\"@id\":\"https:\\\/\\\/uvs.fi\\\/#\\\/schema\\\/logo\\\/image\\\/\",\"url\":\"https:\\\/\\\/uvs.fi\\\/kotisatama\\\/wp-content\\\/uploads\\\/2026\\\/04\\\/IMG_0908.png\",\"contentUrl\":\"https:\\\/\\\/uvs.fi\\\/kotisatama\\\/wp-content\\\/uploads\\\/2026\\\/04\\\/IMG_0908.png\",\"width\":231,\"height\":160,\"caption\":\"Uittamon veneily seura\"},\"image\":{\"@id\":\"https:\\\/\\\/uvs.fi\\\/#\\\/schema\\\/logo\\\/image\\\/\"}}]}<\/script>\n<!-- \/ Yoast SEO plugin. -->","yoast_head_json":{"title":"Rekisteriseloste - Uittamon veneily seura","robots":{"index":"index","follow":"follow","max-snippet":"max-snippet:-1","max-image-preview":"max-image-preview:large","max-video-preview":"max-video-preview:-1"},"canonical":"https:\/\/uvs.fi\/?page_id=179","og_locale":"fi_FI","og_type":"article","og_title":"Rekisteriseloste - Uittamon veneily seura","og_description":"REKISTERISELOSTE Uittamon Veneilyseura ry. UVS&nbsp; 9.5.2018 \u00a2 REKISTERISELOSTE (Henkil\u00f6tietolaki 523\/1999) 10\u00a7 Nimi: Uittamon Veneilyseura ry. on yhdistyksen virassa oleva taloudenhoitaja UVS ry henkil\u00f6rekisteri. UVS ry:n j\u00e4senten ja sen kanssa yhteisty\u00f6ss\u00e4 toimivien seurojen sek\u00e4 kattoj\u00e4rjest\u00f6\u00f6n liittyv\u00e4 henkil\u00f6- ja -organisaatiorekisteri: Henkil\u00f6rekisteri: seuran henkil\u00f6j\u00e4senet - UVS ry:ll\u00e4 on p\u00e4\u00e4sy omiin henkil\u00f6j\u00e4seniins\u00e4 ja lis\u00e4ksi kattoj\u00e4rjest\u00f6ll\u00e4 joihin UVS ry kuuluu, [&hellip;]","og_url":"https:\/\/uvs.fi\/?page_id=179","og_site_name":"Uittamon veneily seura","article_modified_time":"2026-04-04T17:28:46+00:00","twitter_card":"summary_large_image","twitter_misc":{"Arvioitu lukuaika":"4 minuuttia"},"schema":{"@context":"https:\/\/schema.org","@graph":[{"@type":"WebPage","@id":"https:\/\/uvs.fi\/?page_id=179","url":"https:\/\/uvs.fi\/?page_id=179","name":"Rekisteriseloste - Uittamon veneily seura","isPartOf":{"@id":"https:\/\/uvs.fi\/#website"},"datePublished":"2026-04-04T17:27:03+00:00","dateModified":"2026-04-04T17:28:46+00:00","breadcrumb":{"@id":"https:\/\/uvs.fi\/?page_id=179#breadcrumb"},"inLanguage":"fi","potentialAction":[{"@type":"ReadAction","target":["https:\/\/uvs.fi\/?page_id=179"]}]},{"@type":"BreadcrumbList","@id":"https:\/\/uvs.fi\/?page_id=179#breadcrumb","itemListElement":[{"@type":"ListItem","position":1,"name":"Etusivu","item":"https:\/\/uvs.fi\/"},{"@type":"ListItem","position":2,"name":"Rekisteriseloste"}]},{"@type":"WebSite","@id":"https:\/\/uvs.fi\/#website","url":"https:\/\/uvs.fi\/","name":"Uittamon veneily seura","description":"Uittamon veneily seuran kotisatama verkossa","publisher":{"@id":"https:\/\/uvs.fi\/#organization"},"potentialAction":[{"@type":"SearchAction","target":{"@type":"EntryPoint","urlTemplate":"https:\/\/uvs.fi\/?s={search_term_string}"},"query-input":{"@type":"PropertyValueSpecification","valueRequired":true,"valueName":"search_term_string"}}],"inLanguage":"fi"},{"@type":"Organization","@id":"https:\/\/uvs.fi\/#organization","name":"Uittamon veneily seura","url":"https:\/\/uvs.fi\/","logo":{"@type":"ImageObject","inLanguage":"fi","@id":"https:\/\/uvs.fi\/#\/schema\/logo\/image\/","url":"https:\/\/uvs.fi\/kotisatama\/wp-content\/uploads\/2026\/04\/IMG_0908.png","contentUrl":"https:\/\/uvs.fi\/kotisatama\/wp-content\/uploads\/2026\/04\/IMG_0908.png","width":231,"height":160,"caption":"Uittamon veneily seura"},"image":{"@id":"https:\/\/uvs.fi\/#\/schema\/logo\/image\/"}}]}},"_links":{"self":[{"href":"https:\/\/uvs.fi\/index.php?rest_route=\/wp\/v2\/pages\/179","targetHints":{"allow":["GET"]}}],"collection":[{"href":"https:\/\/uvs.fi\/index.php?rest_route=\/wp\/v2\/pages"}],"about":[{"href":"https:\/\/uvs.fi\/index.php?rest_route=\/wp\/v2\/types\/page"}],"author":[{"embeddable":true,"href":"https:\/\/uvs.fi\/index.php?rest_route=\/wp\/v2\/users\/1"}],"replies":[{"embeddable":true,"href":"https:\/\/uvs.fi\/index.php?rest_route=%2Fwp%2Fv2%2Fcomments&post=179"}],"version-history":[{"count":2,"href":"https:\/\/uvs.fi\/index.php?rest_route=\/wp\/v2\/pages\/179\/revisions"}],"predecessor-version":[{"id":182,"href":"https:\/\/uvs.fi\/index.php?rest_route=\/wp\/v2\/pages\/179\/revisions\/182"}],"wp:attachment":[{"href":"https:\/\/uvs.fi\/index.php?rest_route=%2Fwp%2Fv2%2Fmedia&parent=179"}],"curies":[{"name":"wp","href":"https:\/\/api.w.org\/{rel}","templated":true}]}}