{"id":8,"date":"2026-04-03T09:42:32","date_gmt":"2026-04-03T09:42:32","guid":{"rendered":"https:\/\/uvs.fi\/kotisatama\/?page_id=8"},"modified":"2026-04-03T17:39:02","modified_gmt":"2026-04-03T17:39:02","slug":"etusivu-2","status":"publish","type":"page","link":"https:\/\/uvs.fi\/","title":{"rendered":"Etusivu"},"content":{"rendered":"<h1 class=\"e-5610513-51bbce1 e-heading-base\" style=\"text-align: center;\" data-interaction-id=\"5610513\"><strong>Tervetuloa!<\/strong><\/h1>\n<p style=\"text-align: left;\">Tervetuloa Uittamon Veneilyseuran kotisivuille!<\/p>\n<p style=\"text-align: left;\">\u00a0<\/p>\n<p style=\"text-align: left;\">Sivuiltamme l\u00f6yd\u00e4t muun muassa seuraavat tiedot:<\/p>\n<p style=\"text-align: left;\">\u00a0<\/p>\n<p style=\"text-align: left;\">Tietoa seuran toiminnasta<\/p>\n<p style=\"text-align: left;\">Tulevista retkist\u00e4<\/p>\n<p style=\"text-align: left;\">Uittamon venerannan huolto- ja korjaust\u00f6ist\u00e4<\/p>\n<p style=\"text-align: left;\">Veneiden katsastuksesta<\/p>\n<p style=\"text-align: left;\">Uusille j\u00e4senyytt\u00e4 harkitseville hy\u00f6dyllist\u00e4 tietoa<\/p>\n<p style=\"text-align: left;\">\u00a0<\/p>\n<p style=\"text-align: left;\">Uittamon Veneilyseura ry on Suomen Purjehdus ja Veneily ry:n j\u00e4senseura.<\/p>\n<p style=\"text-align: left;\">\u00a0<\/p>\n<p style=\"text-align: left;\">Toivottavasti viihdyt p\u00e4ivitetyill\u00e4 sivuillamme. Sivustoa yll\u00e4pit\u00e4\u00e4 UVS:n hallitus ja sivuston yll\u00e4pit\u00e4j\u00e4 Esa Lehto. Jos toivot sivuilta l\u00f6ytyv\u00e4n lis\u00e4\u00e4 sis\u00e4lt\u00f6\u00e4 tai huomaat korjattavaa, palautetta voi l\u00e4hett\u00e4\u00e4 osoitteeseen 1esa.lehto@gmail.com.<\/p>\n\n\n<p><\/p>\n","protected":false},"excerpt":{"rendered":"<p>Tervetuloa! Tervetuloa Uittamon Veneilyseuran kotisivuille! \u00a0 Sivuiltamme l\u00f6yd\u00e4t muun muassa seuraavat tiedot: \u00a0 Tietoa seuran toiminnasta Tulevista retkist\u00e4 Uittamon venerannan huolto- ja korjaust\u00f6ist\u00e4 Veneiden katsastuksesta Uusille j\u00e4senyytt\u00e4 harkitseville hy\u00f6dyllist\u00e4 tietoa \u00a0 Uittamon Veneilyseura ry on Suomen Purjehdus ja Veneily ry:n j\u00e4senseura. \u00a0 Toivottavasti viihdyt p\u00e4ivitetyill\u00e4 sivuillamme. Sivustoa yll\u00e4pit\u00e4\u00e4 UVS:n hallitus ja sivuston yll\u00e4pit\u00e4j\u00e4 Esa Lehto. [&hellip;]<\/p>\n","protected":false},"author":1,"featured_media":0,"parent":0,"menu_order":0,"comment_status":"closed","ping_status":"closed","template":"","meta":{"vkexunit_cta_each_option":"","footnotes":""},"class_list":["post-8","page","type-page","status-publish","hentry"],"yoast_head":"<!-- This site is optimized with the Yoast SEO plugin v27.3 - https:\/\/yoast.com\/product\/yoast-seo-wordpress\/ -->\n<title>Etusivu - Uittamon veneily seura<\/title>\n<meta name=\"description\" content=\"Uittamon veneily seura, tietoa veneilyst\u00e4 ja meist\u00e4. Uittamolla Turussa sijaitsevan veneily seuran kotisatama verkossa.\" \/>\n<meta name=\"robots\" content=\"index, follow, max-snippet:-1, max-image-preview:large, max-video-preview:-1\" \/>\n<link rel=\"canonical\" href=\"https:\/\/uvs.fi\/\" \/>\n<meta property=\"og:locale\" content=\"fi_FI\" \/>\n<meta property=\"og:type\" content=\"article\" \/>\n<meta property=\"og:title\" content=\"Etusivu - Uittamon veneily seura\" \/>\n<meta property=\"og:description\" content=\"Uittamon veneily seura, tietoa veneilyst\u00e4 ja meist\u00e4. Uittamolla Turussa sijaitsevan veneily seuran kotisatama verkossa.\" \/>\n<meta property=\"og:url\" content=\"https:\/\/uvs.fi\/\" \/>\n<meta property=\"og:site_name\" content=\"Uittamon veneily seura\" \/>\n<meta property=\"article:modified_time\" content=\"2026-04-03T17:39:02+00:00\" \/>\n<meta name=\"twitter:card\" content=\"summary_large_image\" \/>\n<meta name=\"twitter:label1\" content=\"Arvioitu lukuaika\" \/>\n\t<meta name=\"twitter:data1\" content=\"1 minuutti\" \/>\n<script type=\"application\/ld+json\" class=\"yoast-schema-graph\">{\"@context\":\"https:\\\/\\\/schema.org\",\"@graph\":[{\"@type\":\"WebPage\",\"@id\":\"https:\\\/\\\/uvs.fi\\\/\",\"url\":\"https:\\\/\\\/uvs.fi\\\/\",\"name\":\"Etusivu - Uittamon veneily seura\",\"isPartOf\":{\"@id\":\"https:\\\/\\\/uvs.fi\\\/#website\"},\"datePublished\":\"2026-04-03T09:42:32+00:00\",\"dateModified\":\"2026-04-03T17:39:02+00:00\",\"description\":\"Uittamon veneily seura, tietoa veneilyst\u00e4 ja meist\u00e4. Uittamolla Turussa sijaitsevan veneily seuran kotisatama verkossa.\",\"breadcrumb\":{\"@id\":\"https:\\\/\\\/uvs.fi\\\/#breadcrumb\"},\"inLanguage\":\"fi\",\"potentialAction\":[{\"@type\":\"ReadAction\",\"target\":[\"https:\\\/\\\/uvs.fi\\\/\"]}]},{\"@type\":\"BreadcrumbList\",\"@id\":\"https:\\\/\\\/uvs.fi\\\/#breadcrumb\",\"itemListElement\":[{\"@type\":\"ListItem\",\"position\":1,\"name\":\"Etusivu\",\"item\":\"https:\\\/\\\/uvs.fi\\\/\"},{\"@type\":\"ListItem\",\"position\":2,\"name\":\"Etusivu\"}]},{\"@type\":\"WebSite\",\"@id\":\"https:\\\/\\\/uvs.fi\\\/#website\",\"url\":\"https:\\\/\\\/uvs.fi\\\/\",\"name\":\"Uittamon veneily seura\",\"description\":\"Uittamon veneily seuran kotisatama verkossa\",\"publisher\":{\"@id\":\"https:\\\/\\\/uvs.fi\\\/#organization\"},\"potentialAction\":[{\"@type\":\"SearchAction\",\"target\":{\"@type\":\"EntryPoint\",\"urlTemplate\":\"https:\\\/\\\/uvs.fi\\\/?s={search_term_string}\"},\"query-input\":{\"@type\":\"PropertyValueSpecification\",\"valueRequired\":true,\"valueName\":\"search_term_string\"}}],\"inLanguage\":\"fi\"},{\"@type\":\"Organization\",\"@id\":\"https:\\\/\\\/uvs.fi\\\/#organization\",\"name\":\"Uittamon veneily seura\",\"url\":\"https:\\\/\\\/uvs.fi\\\/\",\"logo\":{\"@type\":\"ImageObject\",\"inLanguage\":\"fi\",\"@id\":\"https:\\\/\\\/uvs.fi\\\/#\\\/schema\\\/logo\\\/image\\\/\",\"url\":\"https:\\\/\\\/uvs.fi\\\/kotisatama\\\/wp-content\\\/uploads\\\/2026\\\/04\\\/IMG_0908.png\",\"contentUrl\":\"https:\\\/\\\/uvs.fi\\\/kotisatama\\\/wp-content\\\/uploads\\\/2026\\\/04\\\/IMG_0908.png\",\"width\":231,\"height\":160,\"caption\":\"Uittamon veneily seura\"},\"image\":{\"@id\":\"https:\\\/\\\/uvs.fi\\\/#\\\/schema\\\/logo\\\/image\\\/\"}}]}<\/script>\n<!-- \/ Yoast SEO plugin. -->","yoast_head_json":{"title":"Etusivu - Uittamon veneily seura","description":"Uittamon veneily seura, tietoa veneilyst\u00e4 ja meist\u00e4. Uittamolla Turussa sijaitsevan veneily seuran kotisatama verkossa.","robots":{"index":"index","follow":"follow","max-snippet":"max-snippet:-1","max-image-preview":"max-image-preview:large","max-video-preview":"max-video-preview:-1"},"canonical":"https:\/\/uvs.fi\/","og_locale":"fi_FI","og_type":"article","og_title":"Etusivu - Uittamon veneily seura","og_description":"Uittamon veneily seura, tietoa veneilyst\u00e4 ja meist\u00e4. Uittamolla Turussa sijaitsevan veneily seuran kotisatama verkossa.","og_url":"https:\/\/uvs.fi\/","og_site_name":"Uittamon veneily seura","article_modified_time":"2026-04-03T17:39:02+00:00","twitter_card":"summary_large_image","twitter_misc":{"Arvioitu lukuaika":"1 minuutti"},"schema":{"@context":"https:\/\/schema.org","@graph":[{"@type":"WebPage","@id":"https:\/\/uvs.fi\/","url":"https:\/\/uvs.fi\/","name":"Etusivu - Uittamon veneily seura","isPartOf":{"@id":"https:\/\/uvs.fi\/#website"},"datePublished":"2026-04-03T09:42:32+00:00","dateModified":"2026-04-03T17:39:02+00:00","description":"Uittamon veneily seura, tietoa veneilyst\u00e4 ja meist\u00e4. Uittamolla Turussa sijaitsevan veneily seuran kotisatama verkossa.","breadcrumb":{"@id":"https:\/\/uvs.fi\/#breadcrumb"},"inLanguage":"fi","potentialAction":[{"@type":"ReadAction","target":["https:\/\/uvs.fi\/"]}]},{"@type":"BreadcrumbList","@id":"https:\/\/uvs.fi\/#breadcrumb","itemListElement":[{"@type":"ListItem","position":1,"name":"Etusivu","item":"https:\/\/uvs.fi\/"},{"@type":"ListItem","position":2,"name":"Etusivu"}]},{"@type":"WebSite","@id":"https:\/\/uvs.fi\/#website","url":"https:\/\/uvs.fi\/","name":"Uittamon veneily seura","description":"Uittamon veneily seuran kotisatama verkossa","publisher":{"@id":"https:\/\/uvs.fi\/#organization"},"potentialAction":[{"@type":"SearchAction","target":{"@type":"EntryPoint","urlTemplate":"https:\/\/uvs.fi\/?s={search_term_string}"},"query-input":{"@type":"PropertyValueSpecification","valueRequired":true,"valueName":"search_term_string"}}],"inLanguage":"fi"},{"@type":"Organization","@id":"https:\/\/uvs.fi\/#organization","name":"Uittamon veneily seura","url":"https:\/\/uvs.fi\/","logo":{"@type":"ImageObject","inLanguage":"fi","@id":"https:\/\/uvs.fi\/#\/schema\/logo\/image\/","url":"https:\/\/uvs.fi\/kotisatama\/wp-content\/uploads\/2026\/04\/IMG_0908.png","contentUrl":"https:\/\/uvs.fi\/kotisatama\/wp-content\/uploads\/2026\/04\/IMG_0908.png","width":231,"height":160,"caption":"Uittamon veneily seura"},"image":{"@id":"https:\/\/uvs.fi\/#\/schema\/logo\/image\/"}}]}},"_links":{"self":[{"href":"https:\/\/uvs.fi\/index.php?rest_route=\/wp\/v2\/pages\/8","targetHints":{"allow":["GET"]}}],"collection":[{"href":"https:\/\/uvs.fi\/index.php?rest_route=\/wp\/v2\/pages"}],"about":[{"href":"https:\/\/uvs.fi\/index.php?rest_route=\/wp\/v2\/types\/page"}],"author":[{"embeddable":true,"href":"https:\/\/uvs.fi\/index.php?rest_route=\/wp\/v2\/users\/1"}],"replies":[{"embeddable":true,"href":"https:\/\/uvs.fi\/index.php?rest_route=%2Fwp%2Fv2%2Fcomments&post=8"}],"version-history":[{"count":12,"href":"https:\/\/uvs.fi\/index.php?rest_route=\/wp\/v2\/pages\/8\/revisions"}],"predecessor-version":[{"id":105,"href":"https:\/\/uvs.fi\/index.php?rest_route=\/wp\/v2\/pages\/8\/revisions\/105"}],"wp:attachment":[{"href":"https:\/\/uvs.fi\/index.php?rest_route=%2Fwp%2Fv2%2Fmedia&parent=8"}],"curies":[{"name":"wp","href":"https:\/\/api.w.org\/{rel}","templated":true}]}}